{"id":131,"date":"2021-01-08T20:06:34","date_gmt":"2021-01-08T20:06:34","guid":{"rendered":"https:\/\/bonafini.com\/?page_id=131"},"modified":"2023-09-22T09:02:35","modified_gmt":"2023-09-22T09:02:35","slug":"software","status":"publish","type":"page","link":"https:\/\/bonafini.com\/fr\/produkte\/software\/","title":{"rendered":"Software"},"content":{"rendered":"<div data-elementor-type=\"wp-page\" data-elementor-id=\"131\" class=\"elementor elementor-131\" data-elementor-post-type=\"page\">\n\t\t\t\t\t\t<section class=\"elementor-section elementor-top-section elementor-element elementor-element-0c5160c elementor-section-height-min-height elementor-section-boxed elementor-section-height-default elementor-section-items-middle elementor-invisible\" data-id=\"0c5160c\" data-element_type=\"section\" data-e-type=\"section\" data-settings=\"{&quot;background_background&quot;:&quot;classic&quot;,&quot;background_motion_fx_motion_fx_mouse&quot;:&quot;yes&quot;,&quot;background_motion_fx_mouseTrack_effect&quot;:&quot;yes&quot;,&quot;background_motion_fx_mouseTrack_speed&quot;:{&quot;unit&quot;:&quot;px&quot;,&quot;size&quot;:0.4,&quot;sizes&quot;:[]},&quot;animation&quot;:&quot;fadeIn&quot;}\">\n\t\t\t\t\t\t<div class=\"elementor-container elementor-column-gap-default\">\n\t\t\t\t\t<div class=\"elementor-column elementor-col-100 elementor-top-column elementor-element elementor-element-1de86bd my-column\" data-id=\"1de86bd\" data-element_type=\"column\" data-e-type=\"column\">\n\t\t\t<div class=\"elementor-widget-wrap elementor-element-populated\">\n\t\t\t\t\t\t<div class=\"elementor-element elementor-element-0a489ae elementor-widget elementor-widget-heading\" data-id=\"0a489ae\" data-element_type=\"widget\" data-e-type=\"widget\" data-widget_type=\"heading.default\">\n\t\t\t\t<div class=\"elementor-widget-container\">\n\t\t\t\t\t<h1 class=\"elementor-heading-title elementor-size-default translation-block\">Vos couleurs<br>sous contr\u00f4le<\/h1>\t\t\t\t<\/div>\n\t\t\t\t<\/div>\n\t\t\t\t<div data-tp-sc-link=\"#elementor-action%3Aaction%3Dpopup%3Aopen%26settings%3DeyJpZCI6IjU0NDMiLCJ0b2dnbGUiOnRydWV9\" data-tp-sc-link-external=\"\" style=\"cursor: pointer\" class=\"elementor-element elementor-element-23b20a4 my-sec-nav-button elementor-widget__width-initial elementor-widget-tablet__width-auto elementor-fixed elementor-hidden-desktop elementor-hidden-tablet elementor-view-default elementor-widget elementor-widget-icon\" data-id=\"23b20a4\" data-element_type=\"widget\" data-e-type=\"widget\" data-settings=\"{&quot;_position&quot;:&quot;fixed&quot;}\" data-widget_type=\"icon.default\">\n\t\t\t\t<div class=\"elementor-widget-container\">\n\t\t\t\t\t\t\t<div class=\"elementor-icon-wrapper\">\n\t\t\t<div class=\"elementor-icon\">\n\t\t\t<i aria-hidden=\"true\" class=\"fas fa-plus\"><\/i>\t\t\t<\/div>\n\t\t<\/div>\n\t\t\t\t\t\t<\/div>\n\t\t\t\t<\/div>\n\t\t\t\t\t<\/div>\n\t\t<\/div>\n\t\t\t\t\t<\/div>\n\t\t<\/section>\n\t\t\t\t<section class=\"elementor-section elementor-top-section elementor-element elementor-element-a2bcef4 elementor-section-boxed elementor-section-height-default elementor-section-height-default\" data-id=\"a2bcef4\" data-element_type=\"section\" data-e-type=\"section\">\n\t\t\t\t\t\t<div class=\"elementor-container elementor-column-gap-default\">\n\t\t\t\t\t<div class=\"elementor-column elementor-col-100 elementor-top-column elementor-element elementor-element-c85d8f0\" data-id=\"c85d8f0\" data-element_type=\"column\" data-e-type=\"column\">\n\t\t\t<div class=\"elementor-widget-wrap elementor-element-populated\">\n\t\t\t\t\t\t<section class=\"elementor-section elementor-inner-section elementor-element elementor-element-09658cc my-inner-section-2 elementor-section-boxed elementor-section-height-default elementor-section-height-default\" data-id=\"09658cc\" data-element_type=\"section\" data-e-type=\"section\">\n\t\t\t\t\t\t<div class=\"elementor-container elementor-column-gap-default\">\n\t\t\t\t\t<div data-tp-sc-link=\"https:\/\/bonafini.com\/produkte\/software\/colorlogic\/\" data-tp-sc-link-external=\"\" style=\"cursor: pointer\" class=\"elementor-column elementor-col-33 elementor-inner-column elementor-element elementor-element-70ff656 my-column-box animated-slow elementor-invisible\" data-id=\"70ff656\" data-element_type=\"column\" data-e-type=\"column\" data-settings=\"{&quot;background_background&quot;:&quot;classic&quot;,&quot;animation&quot;:&quot;fadeInUp&quot;}\">\n\t\t\t<div class=\"elementor-widget-wrap elementor-element-populated\">\n\t\t\t\t\t\t<div class=\"elementor-element elementor-element-d04bbb5 my-h1-resp elementor-widget elementor-widget-heading\" data-id=\"d04bbb5\" data-element_type=\"widget\" data-e-type=\"widget\" data-widget_type=\"heading.default\">\n\t\t\t\t<div class=\"elementor-widget-container\">\n\t\t\t\t\t<h2 class=\"elementor-heading-title elementor-size-default\">ColorLogic<\/h2>\t\t\t\t<\/div>\n\t\t\t\t<\/div>\n\t\t\t\t<div class=\"elementor-element elementor-element-fd4b86b elementor-widget elementor-widget-text-editor\" data-id=\"fd4b86b\" data-element_type=\"widget\" data-e-type=\"widget\" data-widget_type=\"text-editor.default\">\n\t\t\t\t<div class=\"elementor-widget-container\">\n\t\t\t\t\t\t\t\t\t<p>Pensez-vous que couleur rime avec rigueur? Avec les solutions logicielles ColorLogic, mesurez, v\u00e9rifiez et optimisez vos couleurs.<\/p>\t\t\t\t\t\t\t\t<\/div>\n\t\t\t\t<\/div>\n\t\t\t\t<div class=\"elementor-element elementor-element-6fb9688 elementor-widget elementor-widget-html\" data-id=\"6fb9688\" data-element_type=\"widget\" data-e-type=\"widget\" data-widget_type=\"html.default\">\n\t\t\t\t<div class=\"elementor-widget-container\">\n\t\t\t\t\t<div class=\"my-box-in-right\">\n    <a href=\"\/fr\/colorlogic\/\" class=\"my-underline\">+ PLUS<\/a>\n<\/div>\t\t\t\t<\/div>\n\t\t\t\t<\/div>\n\t\t\t\t\t<\/div>\n\t\t<\/div>\n\t\t\t\t<div data-tp-sc-link=\"https:\/\/bonafini.com\/produkte\/software\/colorgate\/\" data-tp-sc-link-external=\"\" style=\"cursor: pointer\" class=\"elementor-column elementor-col-33 elementor-inner-column elementor-element elementor-element-0644d0a my-column-box animated-slow elementor-invisible\" data-id=\"0644d0a\" data-element_type=\"column\" data-e-type=\"column\" data-settings=\"{&quot;animation&quot;:&quot;fadeInUp&quot;,&quot;animation_delay&quot;:300}\">\n\t\t\t<div class=\"elementor-widget-wrap elementor-element-populated\">\n\t\t\t\t\t\t<div class=\"elementor-element elementor-element-a12b8ce my-h1-resp elementor-widget elementor-widget-heading\" data-id=\"a12b8ce\" data-element_type=\"widget\" data-e-type=\"widget\" data-widget_type=\"heading.default\">\n\t\t\t\t<div class=\"elementor-widget-container\">\n\t\t\t\t\t<h2 class=\"elementor-heading-title elementor-size-default\">ColorGATE<\/h2>\t\t\t\t<\/div>\n\t\t\t\t<\/div>\n\t\t\t\t<div class=\"elementor-element elementor-element-ae909a4 elementor-widget elementor-widget-text-editor\" data-id=\"ae909a4\" data-element_type=\"widget\" data-e-type=\"widget\" data-widget_type=\"text-editor.default\">\n\t\t\t\t<div class=\"elementor-widget-container\">\n\t\t\t\t\t\t\t\t\t<p>Cherchez-vous une solution pour votre syst\u00e8me colorim\u00e9trique professionnel? D\u00e9couvrez la gamme de produits ColorGATE.<\/p>\t\t\t\t\t\t\t\t<\/div>\n\t\t\t\t<\/div>\n\t\t\t\t<div class=\"elementor-element elementor-element-1e214dd elementor-widget elementor-widget-html\" data-id=\"1e214dd\" data-element_type=\"widget\" data-e-type=\"widget\" data-widget_type=\"html.default\">\n\t\t\t\t<div class=\"elementor-widget-container\">\n\t\t\t\t\t<div class=\"my-box-in-right\">\n    <a href=\"\/fr\/colorgate\/\" class=\"my-underline\">+ PLUS<\/a>\n<\/div>\t\t\t\t<\/div>\n\t\t\t\t<\/div>\n\t\t\t\t\t<\/div>\n\t\t<\/div>\n\t\t\t\t<div data-tp-sc-link=\"https:\/\/bonafini.com\/produkte\/software\/xrite\/\" data-tp-sc-link-external=\"\" style=\"cursor: pointer\" class=\"elementor-column elementor-col-33 elementor-inner-column elementor-element elementor-element-2ff7e7b my-column-box animated-slow elementor-invisible\" data-id=\"2ff7e7b\" data-element_type=\"column\" data-e-type=\"column\" data-settings=\"{&quot;background_background&quot;:&quot;classic&quot;,&quot;animation&quot;:&quot;fadeInUp&quot;,&quot;animation_delay&quot;:600}\">\n\t\t\t<div class=\"elementor-widget-wrap elementor-element-populated\">\n\t\t\t\t\t\t<div class=\"elementor-element elementor-element-0becd5e my-h1-resp elementor-widget elementor-widget-heading\" data-id=\"0becd5e\" data-element_type=\"widget\" data-e-type=\"widget\" data-widget_type=\"heading.default\">\n\t\t\t\t<div class=\"elementor-widget-container\">\n\t\t\t\t\t<h2 class=\"elementor-heading-title elementor-size-default\">X-Rite<\/h2>\t\t\t\t<\/div>\n\t\t\t\t<\/div>\n\t\t\t\t<div class=\"elementor-element elementor-element-2881ac1 elementor-widget elementor-widget-text-editor\" data-id=\"2881ac1\" data-element_type=\"widget\" data-e-type=\"widget\" data-widget_type=\"text-editor.default\">\n\t\t\t\t<div class=\"elementor-widget-container\">\n\t\t\t\t\t\t\t\t\t<p>Voulez-vous \u00eatre s\u00fbr de toujours travailler avec les m\u00eames couleurs? Les colorim\u00e8tres vous aident \u00e0 ma\u00eetriser le syst\u00e8me colorim\u00e9trique.<\/p>\t\t\t\t\t\t\t\t<\/div>\n\t\t\t\t<\/div>\n\t\t\t\t<div class=\"elementor-element elementor-element-83fc974 elementor-widget elementor-widget-html\" data-id=\"83fc974\" data-element_type=\"widget\" data-e-type=\"widget\" data-widget_type=\"html.default\">\n\t\t\t\t<div class=\"elementor-widget-container\">\n\t\t\t\t\t<div class=\"my-box-in-right\">\n    <a href=\"\/fr\/xrite\/\" class=\"my-underline\">+ PLUS<\/a>\n<\/div>\t\t\t\t<\/div>\n\t\t\t\t<\/div>\n\t\t\t\t\t<\/div>\n\t\t<\/div>\n\t\t\t\t\t<\/div>\n\t\t<\/section>\n\t\t\t\t\t<\/div>\n\t\t<\/div>\n\t\t\t\t\t<\/div>\n\t\t<\/section>\n\t\t\t\t<\/div>","protected":false},"excerpt":{"rendered":"<p>Ihre Farbenunter Kontrolle ColorLogic Ist Farbe Ihr Thema? Mit den Software L\u00f6sungen von ColorLogic k\u00f6nnen Sie Farben messen, korrigieren, pr\u00fcfen und optimieren. +&#038;nbspMEHR ColorGATE Sind Sie auf der Suche nach einer professionellen Systeml\u00f6sung? Entdecken Sie die Produktpalette von ColorGATE. +&#038;nbspMEHR X-Rite Wollen Sie sicher sein, dass Sie immer mit den gleichen Farben arbeiten? Farbmessger\u00e4te helfen [&hellip;]<\/p>\n","protected":false},"author":1,"featured_media":0,"parent":144,"menu_order":0,"comment_status":"closed","ping_status":"closed","template":"elementor_header_footer","meta":{"footnotes":""},"class_list":["post-131","page","type-page","status-publish","hentry"],"_links":{"self":[{"href":"https:\/\/bonafini.com\/fr\/wp-json\/wp\/v2\/pages\/131","targetHints":{"allow":["GET"]}}],"collection":[{"href":"https:\/\/bonafini.com\/fr\/wp-json\/wp\/v2\/pages"}],"about":[{"href":"https:\/\/bonafini.com\/fr\/wp-json\/wp\/v2\/types\/page"}],"author":[{"embeddable":true,"href":"https:\/\/bonafini.com\/fr\/wp-json\/wp\/v2\/users\/1"}],"replies":[{"embeddable":true,"href":"https:\/\/bonafini.com\/fr\/wp-json\/wp\/v2\/comments?post=131"}],"version-history":[{"count":4,"href":"https:\/\/bonafini.com\/fr\/wp-json\/wp\/v2\/pages\/131\/revisions"}],"predecessor-version":[{"id":6112,"href":"https:\/\/bonafini.com\/fr\/wp-json\/wp\/v2\/pages\/131\/revisions\/6112"}],"up":[{"embeddable":true,"href":"https:\/\/bonafini.com\/fr\/wp-json\/wp\/v2\/pages\/144"}],"wp:attachment":[{"href":"https:\/\/bonafini.com\/fr\/wp-json\/wp\/v2\/media?parent=131"}],"curies":[{"name":"wp","href":"https:\/\/api.w.org\/{rel}","templated":true}]}}